{"id":90,"date":"2025-12-18T22:13:21","date_gmt":"2025-12-18T21:13:21","guid":{"rendered":"https:\/\/gastroeventy.pl\/?page_id=90"},"modified":"2025-12-19T16:18:04","modified_gmt":"2025-12-19T15:18:04","slug":"o-nas","status":"publish","type":"page","link":"https:\/\/gastroeventy.pl\/?page_id=90","title":{"rendered":"O nas"},"content":{"rendered":"\t\t<div data-elementor-type=\"wp-page\" data-elementor-id=\"90\" class=\"elementor elementor-90\">\n\t\t\t\t<div class=\"elementor-element elementor-element-482a0a4 e-flex e-con-boxed e-con e-parent\" data-id=\"482a0a4\" data-element_type=\"container\">\n\t\t\t\t\t<div class=\"e-con-inner\">\n\t\t\t\t<div class=\"elementor-element elementor-element-cdf9607 elementor-widget__width-initial elementor-widget elementor-widget-text-editor\" data-id=\"cdf9607\" data-element_type=\"widget\" data-widget_type=\"text-editor.default\">\n\t\t\t\t\t\t\t\t\t<p><span>Jeste\u015bmy firm\u0105 zajmuj\u0105c\u0105 si\u0119 kompleksow\u0105 organizacj\u0105 event\u00f3w wraz obs\u0142ug\u0105 gastronomiczn\u0105, audiowizualn\u0105 \u2013 od cateringu przez obs\u0142ug\u0119 kelnersk\u0105, po koordynacj\u0119 imprez firmowych, okoliczno\u015bciowych. Organizujemy szkolenia, degustacje, premiery produkt\u00f3w, imprezy muzyczne, bankiety. Nasze wieloletnie do\u015bwiadczenie pozwala nam tworzy\u0107 niezapomniane wydarzenia dopasowane do potrzeb klienta. Eventy szyte na miare &#8211; Gastro Eventy.<\/span><\/p>\t\t\t\t\t\t\t\t<\/div>\n\t\t\t\t\t<\/div>\n\t\t\t\t<\/div>\n\t\t<div class=\"elementor-element elementor-element-477a577 e-flex e-con-boxed e-con e-parent\" data-id=\"477a577\" data-element_type=\"container\">\n\t\t\t\t\t<div class=\"e-con-inner\">\n\t\t\t\t<div class=\"elementor-element elementor-element-2f946d5 elementor-widget__width-initial e-transform e-transform elementor-widget elementor-widget-image\" data-id=\"2f946d5\" data-element_type=\"widget\" data-settings=\"{&quot;_transform_translateX_effect&quot;:{&quot;unit&quot;:&quot;px&quot;,&quot;size&quot;:0,&quot;sizes&quot;:[]},&quot;_transform_translateY_effect&quot;:{&quot;unit&quot;:&quot;px&quot;,&quot;size&quot;:7,&quot;sizes&quot;:[]},&quot;_transform_scaleX_effect&quot;:{&quot;unit&quot;:&quot;px&quot;,&quot;size&quot;:1.1,&quot;sizes&quot;:[]},&quot;_transform_translateX_effect_tablet&quot;:{&quot;unit&quot;:&quot;px&quot;,&quot;size&quot;:&quot;&quot;,&quot;sizes&quot;:[]},&quot;_transform_translateX_effect_mobile&quot;:{&quot;unit&quot;:&quot;px&quot;,&quot;size&quot;:&quot;&quot;,&quot;sizes&quot;:[]},&quot;_transform_translateY_effect_tablet&quot;:{&quot;unit&quot;:&quot;px&quot;,&quot;size&quot;:&quot;&quot;,&quot;sizes&quot;:[]},&quot;_transform_translateY_effect_mobile&quot;:{&quot;unit&quot;:&quot;px&quot;,&quot;size&quot;:&quot;&quot;,&quot;sizes&quot;:[]},&quot;_transform_scaleX_effect_tablet&quot;:{&quot;unit&quot;:&quot;px&quot;,&quot;size&quot;:&quot;&quot;,&quot;sizes&quot;:[]},&quot;_transform_scaleX_effect_mobile&quot;:{&quot;unit&quot;:&quot;px&quot;,&quot;size&quot;:&quot;&quot;,&quot;sizes&quot;:[]},&quot;_transform_scaleY_effect&quot;:{&quot;unit&quot;:&quot;px&quot;,&quot;size&quot;:&quot;&quot;,&quot;sizes&quot;:[]},&quot;_transform_scaleY_effect_tablet&quot;:{&quot;unit&quot;:&quot;px&quot;,&quot;size&quot;:&quot;&quot;,&quot;sizes&quot;:[]},&quot;_transform_scaleY_effect_mobile&quot;:{&quot;unit&quot;:&quot;px&quot;,&quot;size&quot;:&quot;&quot;,&quot;sizes&quot;:[]}}\" data-widget_type=\"image.default\">\n\t\t\t\t\t\t\t\t\t\t\t\t\t\t\t<img fetchpriority=\"high\" decoding=\"async\" width=\"1024\" height=\"131\" src=\"https:\/\/gastroeventy.pl\/wp-content\/uploads\/2025\/12\/KPO_barwy-RP_NextGenerationEU_poziom_zestawienie_podstawowe_-RGB-1024x131.jpg\" class=\"attachment-large size-large wp-image-18\" alt=\"\" srcset=\"https:\/\/gastroeventy.pl\/wp-content\/uploads\/2025\/12\/KPO_barwy-RP_NextGenerationEU_poziom_zestawienie_podstawowe_-RGB-1024x131.jpg 1024w, https:\/\/gastroeventy.pl\/wp-content\/uploads\/2025\/12\/KPO_barwy-RP_NextGenerationEU_poziom_zestawienie_podstawowe_-RGB-300x38.jpg 300w, https:\/\/gastroeventy.pl\/wp-content\/uploads\/2025\/12\/KPO_barwy-RP_NextGenerationEU_poziom_zestawienie_podstawowe_-RGB-768x98.jpg 768w, https:\/\/gastroeventy.pl\/wp-content\/uploads\/2025\/12\/KPO_barwy-RP_NextGenerationEU_poziom_zestawienie_podstawowe_-RGB-1536x197.jpg 1536w, https:\/\/gastroeventy.pl\/wp-content\/uploads\/2025\/12\/KPO_barwy-RP_NextGenerationEU_poziom_zestawienie_podstawowe_-RGB-2048x262.jpg 2048w\" sizes=\"(max-width: 1024px) 100vw, 1024px\" \/>\t\t\t\t\t\t\t\t\t\t\t\t\t\t\t<\/div>\n\t\t\t\t\t<\/div>\n\t\t\t\t<\/div>\n\t\t\t\t<\/div>\n\t\t","protected":false},"excerpt":{"rendered":"<p>Jeste\u015bmy firm\u0105 zajmuj\u0105c\u0105 si\u0119 kompleksow\u0105 organizacj\u0105 event\u00f3w wraz obs\u0142ug\u0105 gastronomiczn\u0105, audiowizualn\u0105 \u2013 od cateringu przez obs\u0142ug\u0119 kelnersk\u0105, po koordynacj\u0119 imprez [&hellip;]<\/p>\n","protected":false},"author":1,"featured_media":0,"parent":0,"menu_order":0,"comment_status":"closed","ping_status":"closed","template":"","meta":{"site-sidebar-layout":"no-sidebar","site-content-layout":"","ast-site-content-layout":"full-width-container","site-content-style":"default","site-sidebar-style":"default","ast-global-header-display":"","ast-banner-title-visibility":"","ast-main-header-display":"","ast-hfb-above-header-display":"","ast-hfb-below-header-display":"","ast-hfb-mobile-header-display":"","site-post-title":"","ast-breadcrumbs-content":"","ast-featured-img":"disabled","footer-sml-layout":"","ast-disable-related-posts":"","theme-transparent-header-meta":"","adv-header-id-meta":"","stick-header-meta":"","header-above-stick-meta":"","header-main-stick-meta":"","header-below-stick-meta":"","astra-migrate-meta-layouts":"default","ast-page-background-enabled":"default","ast-page-background-meta":{"desktop":{"background-color":"var(--ast-global-color-5)","background-image":"","background-repeat":"repeat","background-position":"center center","background-size":"auto","background-attachment":"scroll","background-type":"","background-media":"","overlay-type":"","overlay-color":"","overlay-opacity":"","overlay-gradient":""},"tablet":{"background-color":"","background-image":"","background-repeat":"repeat","background-position":"center center","background-size":"auto","background-attachment":"scroll","background-type":"","background-media":"","overlay-type":"","overlay-color":"","overlay-opacity":"","overlay-gradient":""},"mobile":{"background-color":"","background-image":"","background-repeat":"repeat","background-position":"center center","background-size":"auto","background-attachment":"scroll","background-type":"","background-media":"","overlay-type":"","overlay-color":"","overlay-opacity":"","overlay-gradient":""}},"ast-content-background-meta":{"desktop":{"background-color":"var(--ast-global-color-4)","background-image":"","background-repeat":"repeat","background-position":"center center","background-size":"auto","background-attachment":"scroll","background-type":"","background-media":"","overlay-type":"","overlay-color":"","overlay-opacity":"","overlay-gradient":""},"tablet":{"background-color":"var(--ast-global-color-4)","background-image":"","background-repeat":"repeat","background-position":"center center","background-size":"auto","background-attachment":"scroll","background-type":"","background-media":"","overlay-type":"","overlay-color":"","overlay-opacity":"","overlay-gradient":""},"mobile":{"background-color":"var(--ast-global-color-4)","background-image":"","background-repeat":"repeat","background-position":"center center","background-size":"auto","background-attachment":"scroll","background-type":"","background-media":"","overlay-type":"","overlay-color":"","overlay-opacity":"","overlay-gradient":""}},"footnotes":""},"class_list":["post-90","page","type-page","status-publish","hentry"],"yoast_head":"<!-- This site is optimized with the Yoast SEO plugin v26.6 - https:\/\/yoast.com\/wordpress\/plugins\/seo\/ -->\n<title>O nas -<\/title>\n<meta name=\"robots\" content=\"index, follow, max-snippet:-1, max-image-preview:large, max-video-preview:-1\" \/>\n<link rel=\"canonical\" href=\"https:\/\/gastroeventy.pl\/?page_id=90\" \/>\n<meta property=\"og:locale\" content=\"pl_PL\" \/>\n<meta property=\"og:type\" content=\"article\" \/>\n<meta property=\"og:title\" content=\"O nas -\" \/>\n<meta property=\"og:description\" content=\"Jeste\u015bmy firm\u0105 zajmuj\u0105c\u0105 si\u0119 kompleksow\u0105 organizacj\u0105 event\u00f3w wraz obs\u0142ug\u0105 gastronomiczn\u0105, audiowizualn\u0105 \u2013 od cateringu przez obs\u0142ug\u0119 kelnersk\u0105, po koordynacj\u0119 imprez [&hellip;]\" \/>\n<meta property=\"og:url\" content=\"https:\/\/gastroeventy.pl\/?page_id=90\" \/>\n<meta property=\"article:modified_time\" content=\"2025-12-19T15:18:04+00:00\" \/>\n<meta property=\"og:image\" content=\"https:\/\/gastroeventy.pl\/wp-content\/uploads\/2025\/12\/KPO_barwy-RP_NextGenerationEU_poziom_zestawienie_podstawowe_-RGB-scaled.jpg\" \/>\n\t<meta property=\"og:image:width\" content=\"2560\" \/>\n\t<meta property=\"og:image:height\" content=\"328\" \/>\n\t<meta property=\"og:image:type\" content=\"image\/jpeg\" \/>\n<meta name=\"twitter:card\" content=\"summary_large_image\" \/>\n<meta name=\"twitter:label1\" content=\"Szacowany czas czytania\" \/>\n\t<meta name=\"twitter:data1\" content=\"1 minuta\" \/>\n<script type=\"application\/ld+json\" class=\"yoast-schema-graph\">{\"@context\":\"https:\/\/schema.org\",\"@graph\":[{\"@type\":\"WebPage\",\"@id\":\"https:\/\/gastroeventy.pl\/?page_id=90\",\"url\":\"https:\/\/gastroeventy.pl\/?page_id=90\",\"name\":\"O nas -\",\"isPartOf\":{\"@id\":\"https:\/\/gastroeventy.pl\/#website\"},\"primaryImageOfPage\":{\"@id\":\"https:\/\/gastroeventy.pl\/?page_id=90#primaryimage\"},\"image\":{\"@id\":\"https:\/\/gastroeventy.pl\/?page_id=90#primaryimage\"},\"thumbnailUrl\":\"https:\/\/gastroeventy.pl\/wp-content\/uploads\/2025\/12\/KPO_barwy-RP_NextGenerationEU_poziom_zestawienie_podstawowe_-RGB-1024x131.jpg\",\"datePublished\":\"2025-12-18T21:13:21+00:00\",\"dateModified\":\"2025-12-19T15:18:04+00:00\",\"breadcrumb\":{\"@id\":\"https:\/\/gastroeventy.pl\/?page_id=90#breadcrumb\"},\"inLanguage\":\"pl-PL\",\"potentialAction\":[{\"@type\":\"ReadAction\",\"target\":[\"https:\/\/gastroeventy.pl\/?page_id=90\"]}]},{\"@type\":\"ImageObject\",\"inLanguage\":\"pl-PL\",\"@id\":\"https:\/\/gastroeventy.pl\/?page_id=90#primaryimage\",\"url\":\"https:\/\/gastroeventy.pl\/wp-content\/uploads\/2025\/12\/KPO_barwy-RP_NextGenerationEU_poziom_zestawienie_podstawowe_-RGB-scaled.jpg\",\"contentUrl\":\"https:\/\/gastroeventy.pl\/wp-content\/uploads\/2025\/12\/KPO_barwy-RP_NextGenerationEU_poziom_zestawienie_podstawowe_-RGB-scaled.jpg\",\"width\":2560,\"height\":328},{\"@type\":\"BreadcrumbList\",\"@id\":\"https:\/\/gastroeventy.pl\/?page_id=90#breadcrumb\",\"itemListElement\":[{\"@type\":\"ListItem\",\"position\":1,\"name\":\"Home\",\"item\":\"https:\/\/gastroeventy.pl\/\"},{\"@type\":\"ListItem\",\"position\":2,\"name\":\"O nas\"}]},{\"@type\":\"WebSite\",\"@id\":\"https:\/\/gastroeventy.pl\/#website\",\"url\":\"https:\/\/gastroeventy.pl\/\",\"name\":\"\",\"description\":\"\",\"potentialAction\":[{\"@type\":\"SearchAction\",\"target\":{\"@type\":\"EntryPoint\",\"urlTemplate\":\"https:\/\/gastroeventy.pl\/?s={search_term_string}\"},\"query-input\":{\"@type\":\"PropertyValueSpecification\",\"valueRequired\":true,\"valueName\":\"search_term_string\"}}],\"inLanguage\":\"pl-PL\"}]}<\/script>\n<!-- \/ Yoast SEO plugin. -->","yoast_head_json":{"title":"O nas -","robots":{"index":"index","follow":"follow","max-snippet":"max-snippet:-1","max-image-preview":"max-image-preview:large","max-video-preview":"max-video-preview:-1"},"canonical":"https:\/\/gastroeventy.pl\/?page_id=90","og_locale":"pl_PL","og_type":"article","og_title":"O nas -","og_description":"Jeste\u015bmy firm\u0105 zajmuj\u0105c\u0105 si\u0119 kompleksow\u0105 organizacj\u0105 event\u00f3w wraz obs\u0142ug\u0105 gastronomiczn\u0105, audiowizualn\u0105 \u2013 od cateringu przez obs\u0142ug\u0119 kelnersk\u0105, po koordynacj\u0119 imprez [&hellip;]","og_url":"https:\/\/gastroeventy.pl\/?page_id=90","article_modified_time":"2025-12-19T15:18:04+00:00","og_image":[{"width":2560,"height":328,"url":"https:\/\/gastroeventy.pl\/wp-content\/uploads\/2025\/12\/KPO_barwy-RP_NextGenerationEU_poziom_zestawienie_podstawowe_-RGB-scaled.jpg","type":"image\/jpeg"}],"twitter_card":"summary_large_image","twitter_misc":{"Szacowany czas czytania":"1 minuta"},"schema":{"@context":"https:\/\/schema.org","@graph":[{"@type":"WebPage","@id":"https:\/\/gastroeventy.pl\/?page_id=90","url":"https:\/\/gastroeventy.pl\/?page_id=90","name":"O nas -","isPartOf":{"@id":"https:\/\/gastroeventy.pl\/#website"},"primaryImageOfPage":{"@id":"https:\/\/gastroeventy.pl\/?page_id=90#primaryimage"},"image":{"@id":"https:\/\/gastroeventy.pl\/?page_id=90#primaryimage"},"thumbnailUrl":"https:\/\/gastroeventy.pl\/wp-content\/uploads\/2025\/12\/KPO_barwy-RP_NextGenerationEU_poziom_zestawienie_podstawowe_-RGB-1024x131.jpg","datePublished":"2025-12-18T21:13:21+00:00","dateModified":"2025-12-19T15:18:04+00:00","breadcrumb":{"@id":"https:\/\/gastroeventy.pl\/?page_id=90#breadcrumb"},"inLanguage":"pl-PL","potentialAction":[{"@type":"ReadAction","target":["https:\/\/gastroeventy.pl\/?page_id=90"]}]},{"@type":"ImageObject","inLanguage":"pl-PL","@id":"https:\/\/gastroeventy.pl\/?page_id=90#primaryimage","url":"https:\/\/gastroeventy.pl\/wp-content\/uploads\/2025\/12\/KPO_barwy-RP_NextGenerationEU_poziom_zestawienie_podstawowe_-RGB-scaled.jpg","contentUrl":"https:\/\/gastroeventy.pl\/wp-content\/uploads\/2025\/12\/KPO_barwy-RP_NextGenerationEU_poziom_zestawienie_podstawowe_-RGB-scaled.jpg","width":2560,"height":328},{"@type":"BreadcrumbList","@id":"https:\/\/gastroeventy.pl\/?page_id=90#breadcrumb","itemListElement":[{"@type":"ListItem","position":1,"name":"Home","item":"https:\/\/gastroeventy.pl\/"},{"@type":"ListItem","position":2,"name":"O nas"}]},{"@type":"WebSite","@id":"https:\/\/gastroeventy.pl\/#website","url":"https:\/\/gastroeventy.pl\/","name":"","description":"","potentialAction":[{"@type":"SearchAction","target":{"@type":"EntryPoint","urlTemplate":"https:\/\/gastroeventy.pl\/?s={search_term_string}"},"query-input":{"@type":"PropertyValueSpecification","valueRequired":true,"valueName":"search_term_string"}}],"inLanguage":"pl-PL"}]}},"_links":{"self":[{"href":"https:\/\/gastroeventy.pl\/index.php?rest_route=\/wp\/v2\/pages\/90","targetHints":{"allow":["GET"]}}],"collection":[{"href":"https:\/\/gastroeventy.pl\/index.php?rest_route=\/wp\/v2\/pages"}],"about":[{"href":"https:\/\/gastroeventy.pl\/index.php?rest_route=\/wp\/v2\/types\/page"}],"author":[{"embeddable":true,"href":"https:\/\/gastroeventy.pl\/index.php?rest_route=\/wp\/v2\/users\/1"}],"replies":[{"embeddable":true,"href":"https:\/\/gastroeventy.pl\/index.php?rest_route=%2Fwp%2Fv2%2Fcomments&post=90"}],"version-history":[{"count":82,"href":"https:\/\/gastroeventy.pl\/index.php?rest_route=\/wp\/v2\/pages\/90\/revisions"}],"predecessor-version":[{"id":264,"href":"https:\/\/gastroeventy.pl\/index.php?rest_route=\/wp\/v2\/pages\/90\/revisions\/264"}],"wp:attachment":[{"href":"https:\/\/gastroeventy.pl\/index.php?rest_route=%2Fwp%2Fv2%2Fmedia&parent=90"}],"curies":[{"name":"wp","href":"https:\/\/api.w.org\/{rel}","templated":true}]}}