{"id":37,"date":"2025-12-16T12:41:27","date_gmt":"2025-12-16T11:41:27","guid":{"rendered":"http:\/\/gastroeventy.pl\/?page_id=37"},"modified":"2025-12-19T16:11:41","modified_gmt":"2025-12-19T15:11:41","slug":"strona-glowna","status":"publish","type":"page","link":"https:\/\/gastroeventy.pl\/","title":{"rendered":""},"content":{"rendered":"\t\t<div data-elementor-type=\"wp-page\" data-elementor-id=\"37\" class=\"elementor elementor-37\">\n\t\t\t\t<div class=\"elementor-element elementor-element-209c9a6 e-flex e-con-boxed e-con e-parent\" data-id=\"209c9a6\" data-element_type=\"container\">\n\t\t\t\t\t<div class=\"e-con-inner\">\n\t\t\t\t<div class=\"elementor-element elementor-element-b0f651e elementor-invisible elementor-widget elementor-widget-heading\" data-id=\"b0f651e\" data-element_type=\"widget\" data-settings=\"{&quot;_animation&quot;:&quot;fadeInLeft&quot;}\" data-widget_type=\"heading.default\">\n\t\t\t\t\t<h1 class=\"elementor-heading-title elementor-size-default\">GASTRO EVENTY<\/h1>\t\t\t\t<\/div>\n\t\t\t\t<div class=\"elementor-element elementor-element-7996220 elementor-invisible elementor-widget elementor-widget-text-editor\" data-id=\"7996220\" data-element_type=\"widget\" data-settings=\"{&quot;_animation&quot;:&quot;fadeInRight&quot;}\" data-widget_type=\"text-editor.default\">\n\t\t\t\t\t\t\t\t\t<p>&#8211;\u00a0 KOMPLEKSOWA OBS\u0141UGA EVENT\u00d3W GASTRONOMICZNYCH<\/p>\t\t\t\t\t\t\t\t<\/div>\n\t\t\t\t<div class=\"elementor-element elementor-element-a51bcdf elementor-widget elementor-widget-text-editor\" data-id=\"a51bcdf\" data-element_type=\"widget\" data-widget_type=\"text-editor.default\">\n\t\t\t\t\t\t\t\t\t<p><span>Jeste\u015bmy firm\u0105 zajmuj\u0105c\u0105 si\u0119 kompleksow\u0105 organizacj\u0105 event\u00f3w wraz obs\u0142ug\u0105 gastronomiczn\u0105, audiowizualn\u0105 \u2013 od cateringu przez obs\u0142ug\u0119 kelnersk\u0105, po koordynacj\u0119 imprez firmowych, okoliczno\u015bciowych. Organizujemy szkolenia, degustacje, premiery produkt\u00f3w, imprezy muzyczne, bankiety. Nasze wieloletnie do\u015bwiadczenie pozwala nam tworzy\u0107 niezapomniane wydarzenia dopasowane do potrzeb klienta. Eventy szyte na miare \u2013 Gastro Eventy.<\/span><\/p>\t\t\t\t\t\t\t\t<\/div>\n\t\t\t\t\t<\/div>\n\t\t\t\t<\/div>\n\t\t<div class=\"elementor-element elementor-element-7e97dc7 e-flex e-con-boxed e-con e-parent\" data-id=\"7e97dc7\" data-element_type=\"container\">\n\t\t\t\t\t<div class=\"e-con-inner\">\n\t\t\t\t<div class=\"elementor-element elementor-element-ca7fa09 elementor-widget elementor-widget-shortcode\" data-id=\"ca7fa09\" data-element_type=\"widget\" data-widget_type=\"shortcode.default\">\n\t\t\t\t\t\t\t<div class=\"elementor-shortcode\"><\/div>\n\t\t\t\t\t\t<\/div>\n\t\t\t\t\t<\/div>\n\t\t\t\t<\/div>\n\t\t<div class=\"elementor-element elementor-element-dd570bd e-flex e-con-boxed e-con e-parent\" data-id=\"dd570bd\" data-element_type=\"container\">\n\t\t\t\t\t<div class=\"e-con-inner\">\n\t\t<div class=\"elementor-element elementor-element-1696924 e-con-full e-flex e-con e-child\" data-id=\"1696924\" data-element_type=\"container\">\n\t\t\t\t<div class=\"elementor-element elementor-element-0270d90 animated-slow elementor-invisible elementor-widget elementor-widget-text-editor\" data-id=\"0270d90\" data-element_type=\"widget\" data-settings=\"{&quot;_animation&quot;:&quot;fadeInRight&quot;}\" data-widget_type=\"text-editor.default\">\n\t\t\t\t\t\t\t\t\t<p>KONTAKT<\/p><p>E-MAIL: gastroeventy@gmail.com<\/p><p>NUMER TELEFONU: +48 665 550 891<\/p>\t\t\t\t\t\t\t\t<\/div>\n\t\t\t\t<div class=\"elementor-element elementor-element-04ed984 e-transform elementor-widget elementor-widget-image\" data-id=\"04ed984\" data-element_type=\"widget\" data-settings=\"{&quot;_transform_scaleX_effect&quot;:{&quot;unit&quot;:&quot;px&quot;,&quot;size&quot;:1.1,&quot;sizes&quot;:[]},&quot;_transform_scaleX_effect_tablet&quot;:{&quot;unit&quot;:&quot;px&quot;,&quot;size&quot;:&quot;&quot;,&quot;sizes&quot;:[]},&quot;_transform_scaleX_effect_mobile&quot;:{&quot;unit&quot;:&quot;px&quot;,&quot;size&quot;:&quot;&quot;,&quot;sizes&quot;:[]},&quot;_transform_scaleY_effect&quot;:{&quot;unit&quot;:&quot;px&quot;,&quot;size&quot;:&quot;&quot;,&quot;sizes&quot;:[]},&quot;_transform_scaleY_effect_tablet&quot;:{&quot;unit&quot;:&quot;px&quot;,&quot;size&quot;:&quot;&quot;,&quot;sizes&quot;:[]},&quot;_transform_scaleY_effect_mobile&quot;:{&quot;unit&quot;:&quot;px&quot;,&quot;size&quot;:&quot;&quot;,&quot;sizes&quot;:[]}}\" data-widget_type=\"image.default\">\n\t\t\t\t\t\t\t\t\t\t\t\t\t\t\t<img fetchpriority=\"high\" decoding=\"async\" width=\"1024\" height=\"131\" src=\"https:\/\/gastroeventy.pl\/wp-content\/uploads\/2025\/12\/KPO_barwy-RP_NextGenerationEU_poziom_zestawienie_podstawowe_-RGB-1024x131.jpg\" class=\"attachment-large size-large wp-image-18\" alt=\"\" srcset=\"https:\/\/gastroeventy.pl\/wp-content\/uploads\/2025\/12\/KPO_barwy-RP_NextGenerationEU_poziom_zestawienie_podstawowe_-RGB-1024x131.jpg 1024w, https:\/\/gastroeventy.pl\/wp-content\/uploads\/2025\/12\/KPO_barwy-RP_NextGenerationEU_poziom_zestawienie_podstawowe_-RGB-300x38.jpg 300w, https:\/\/gastroeventy.pl\/wp-content\/uploads\/2025\/12\/KPO_barwy-RP_NextGenerationEU_poziom_zestawienie_podstawowe_-RGB-768x98.jpg 768w, https:\/\/gastroeventy.pl\/wp-content\/uploads\/2025\/12\/KPO_barwy-RP_NextGenerationEU_poziom_zestawienie_podstawowe_-RGB-1536x197.jpg 1536w, https:\/\/gastroeventy.pl\/wp-content\/uploads\/2025\/12\/KPO_barwy-RP_NextGenerationEU_poziom_zestawienie_podstawowe_-RGB-2048x262.jpg 2048w\" sizes=\"(max-width: 1024px) 100vw, 1024px\" \/>\t\t\t\t\t\t\t\t\t\t\t\t\t\t\t<\/div>\n\t\t\t\t<\/div>\n\t\t\t\t\t<\/div>\n\t\t\t\t<\/div>\n\t\t\t\t<\/div>\n\t\t","protected":false},"excerpt":{"rendered":"<p>GASTRO EVENTY &#8211;\u00a0 KOMPLEKSOWA OBS\u0141UGA EVENT\u00d3W GASTRONOMICZNYCH Jeste\u015bmy firm\u0105 zajmuj\u0105c\u0105 si\u0119 kompleksow\u0105 organizacj\u0105 event\u00f3w wraz obs\u0142ug\u0105 gastronomiczn\u0105, audiowizualn\u0105 \u2013 od [&hellip;]<\/p>\n","protected":false},"author":1,"featured_media":0,"parent":0,"menu_order":0,"comment_status":"closed","ping_status":"closed","template":"","meta":{"site-sidebar-layout":"no-sidebar","site-content-layout":"","ast-site-content-layout":"full-width-container","site-content-style":"default","site-sidebar-style":"default","ast-global-header-display":"","ast-banner-title-visibility":"","ast-main-header-display":"","ast-hfb-above-header-display":"","ast-hfb-below-header-display":"","ast-hfb-mobile-header-display":"","site-post-title":"","ast-breadcrumbs-content":"","ast-featured-img":"disabled","footer-sml-layout":"","ast-disable-related-posts":"","theme-transparent-header-meta":"","adv-header-id-meta":"","stick-header-meta":"","header-above-stick-meta":"","header-main-stick-meta":"","header-below-stick-meta":"","astra-migrate-meta-layouts":"default","ast-page-background-enabled":"default","ast-page-background-meta":{"desktop":{"background-color":"var(--ast-global-color-5)","background-image":"","background-repeat":"repeat","background-position":"center center","background-size":"auto","background-attachment":"scroll","background-type":"","background-media":"","overlay-type":"","overlay-color":"","overlay-opacity":"","overlay-gradient":""},"tablet":{"background-color":"","background-image":"","background-repeat":"repeat","background-position":"center center","background-size":"auto","background-attachment":"scroll","background-type":"","background-media":"","overlay-type":"","overlay-color":"","overlay-opacity":"","overlay-gradient":""},"mobile":{"background-color":"","background-image":"","background-repeat":"repeat","background-position":"center center","background-size":"auto","background-attachment":"scroll","background-type":"","background-media":"","overlay-type":"","overlay-color":"","overlay-opacity":"","overlay-gradient":""}},"ast-content-background-meta":{"desktop":{"background-color":"var(--ast-global-color-4)","background-image":"","background-repeat":"repeat","background-position":"center center","background-size":"auto","background-attachment":"scroll","background-type":"","background-media":"","overlay-type":"","overlay-color":"","overlay-opacity":"","overlay-gradient":""},"tablet":{"background-color":"var(--ast-global-color-4)","background-image":"","background-repeat":"repeat","background-position":"center center","background-size":"auto","background-attachment":"scroll","background-type":"","background-media":"","overlay-type":"","overlay-color":"","overlay-opacity":"","overlay-gradient":""},"mobile":{"background-color":"var(--ast-global-color-4)","background-image":"","background-repeat":"repeat","background-position":"center center","background-size":"auto","background-attachment":"scroll","background-type":"","background-media":"","overlay-type":"","overlay-color":"","overlay-opacity":"","overlay-gradient":""}},"footnotes":""},"class_list":["post-37","page","type-page","status-publish","hentry"],"yoast_head":"<!-- This site is optimized with the Yoast SEO plugin v26.6 - https:\/\/yoast.com\/wordpress\/plugins\/seo\/ -->\n<title>-<\/title>\n<meta name=\"robots\" content=\"index, follow, max-snippet:-1, max-image-preview:large, max-video-preview:-1\" \/>\n<link rel=\"canonical\" href=\"https:\/\/gastroeventy.pl\/\" \/>\n<meta property=\"og:locale\" content=\"pl_PL\" \/>\n<meta property=\"og:type\" content=\"article\" \/>\n<meta property=\"og:title\" content=\"-\" \/>\n<meta property=\"og:description\" content=\"GASTRO EVENTY &#8211;\u00a0 KOMPLEKSOWA OBS\u0141UGA EVENT\u00d3W GASTRONOMICZNYCH Jeste\u015bmy firm\u0105 zajmuj\u0105c\u0105 si\u0119 kompleksow\u0105 organizacj\u0105 event\u00f3w wraz obs\u0142ug\u0105 gastronomiczn\u0105, audiowizualn\u0105 \u2013 od [&hellip;]\" \/>\n<meta property=\"og:url\" content=\"https:\/\/gastroeventy.pl\/\" \/>\n<meta property=\"article:modified_time\" content=\"2025-12-19T15:11:41+00:00\" \/>\n<meta property=\"og:image\" content=\"https:\/\/gastroeventy.pl\/wp-content\/uploads\/2025\/12\/KPO_barwy-RP_NextGenerationEU_poziom_zestawienie_podstawowe_-RGB-scaled.jpg\" \/>\n\t<meta property=\"og:image:width\" content=\"2560\" \/>\n\t<meta property=\"og:image:height\" content=\"328\" \/>\n\t<meta property=\"og:image:type\" content=\"image\/jpeg\" \/>\n<meta name=\"twitter:card\" content=\"summary_large_image\" \/>\n<meta name=\"twitter:label1\" content=\"Szacowany czas czytania\" \/>\n\t<meta name=\"twitter:data1\" content=\"1 minuta\" \/>\n<script type=\"application\/ld+json\" class=\"yoast-schema-graph\">{\"@context\":\"https:\/\/schema.org\",\"@graph\":[{\"@type\":\"WebPage\",\"@id\":\"https:\/\/gastroeventy.pl\/\",\"url\":\"https:\/\/gastroeventy.pl\/\",\"name\":\"-\",\"isPartOf\":{\"@id\":\"https:\/\/gastroeventy.pl\/#website\"},\"primaryImageOfPage\":{\"@id\":\"https:\/\/gastroeventy.pl\/#primaryimage\"},\"image\":{\"@id\":\"https:\/\/gastroeventy.pl\/#primaryimage\"},\"thumbnailUrl\":\"https:\/\/gastroeventy.pl\/wp-content\/uploads\/2025\/12\/KPO_barwy-RP_NextGenerationEU_poziom_zestawienie_podstawowe_-RGB-1024x131.jpg\",\"datePublished\":\"2025-12-16T11:41:27+00:00\",\"dateModified\":\"2025-12-19T15:11:41+00:00\",\"inLanguage\":\"pl-PL\",\"potentialAction\":[{\"@type\":\"ReadAction\",\"target\":[\"https:\/\/gastroeventy.pl\/\"]}]},{\"@type\":\"ImageObject\",\"inLanguage\":\"pl-PL\",\"@id\":\"https:\/\/gastroeventy.pl\/#primaryimage\",\"url\":\"https:\/\/gastroeventy.pl\/wp-content\/uploads\/2025\/12\/KPO_barwy-RP_NextGenerationEU_poziom_zestawienie_podstawowe_-RGB-scaled.jpg\",\"contentUrl\":\"https:\/\/gastroeventy.pl\/wp-content\/uploads\/2025\/12\/KPO_barwy-RP_NextGenerationEU_poziom_zestawienie_podstawowe_-RGB-scaled.jpg\",\"width\":2560,\"height\":328},{\"@type\":\"WebSite\",\"@id\":\"https:\/\/gastroeventy.pl\/#website\",\"url\":\"https:\/\/gastroeventy.pl\/\",\"name\":\"\",\"description\":\"\",\"potentialAction\":[{\"@type\":\"SearchAction\",\"target\":{\"@type\":\"EntryPoint\",\"urlTemplate\":\"https:\/\/gastroeventy.pl\/?s={search_term_string}\"},\"query-input\":{\"@type\":\"PropertyValueSpecification\",\"valueRequired\":true,\"valueName\":\"search_term_string\"}}],\"inLanguage\":\"pl-PL\"}]}<\/script>\n<!-- \/ Yoast SEO plugin. -->","yoast_head_json":{"title":"-","robots":{"index":"index","follow":"follow","max-snippet":"max-snippet:-1","max-image-preview":"max-image-preview:large","max-video-preview":"max-video-preview:-1"},"canonical":"https:\/\/gastroeventy.pl\/","og_locale":"pl_PL","og_type":"article","og_title":"-","og_description":"GASTRO EVENTY &#8211;\u00a0 KOMPLEKSOWA OBS\u0141UGA EVENT\u00d3W GASTRONOMICZNYCH Jeste\u015bmy firm\u0105 zajmuj\u0105c\u0105 si\u0119 kompleksow\u0105 organizacj\u0105 event\u00f3w wraz obs\u0142ug\u0105 gastronomiczn\u0105, audiowizualn\u0105 \u2013 od [&hellip;]","og_url":"https:\/\/gastroeventy.pl\/","article_modified_time":"2025-12-19T15:11:41+00:00","og_image":[{"width":2560,"height":328,"url":"https:\/\/gastroeventy.pl\/wp-content\/uploads\/2025\/12\/KPO_barwy-RP_NextGenerationEU_poziom_zestawienie_podstawowe_-RGB-scaled.jpg","type":"image\/jpeg"}],"twitter_card":"summary_large_image","twitter_misc":{"Szacowany czas czytania":"1 minuta"},"schema":{"@context":"https:\/\/schema.org","@graph":[{"@type":"WebPage","@id":"https:\/\/gastroeventy.pl\/","url":"https:\/\/gastroeventy.pl\/","name":"-","isPartOf":{"@id":"https:\/\/gastroeventy.pl\/#website"},"primaryImageOfPage":{"@id":"https:\/\/gastroeventy.pl\/#primaryimage"},"image":{"@id":"https:\/\/gastroeventy.pl\/#primaryimage"},"thumbnailUrl":"https:\/\/gastroeventy.pl\/wp-content\/uploads\/2025\/12\/KPO_barwy-RP_NextGenerationEU_poziom_zestawienie_podstawowe_-RGB-1024x131.jpg","datePublished":"2025-12-16T11:41:27+00:00","dateModified":"2025-12-19T15:11:41+00:00","inLanguage":"pl-PL","potentialAction":[{"@type":"ReadAction","target":["https:\/\/gastroeventy.pl\/"]}]},{"@type":"ImageObject","inLanguage":"pl-PL","@id":"https:\/\/gastroeventy.pl\/#primaryimage","url":"https:\/\/gastroeventy.pl\/wp-content\/uploads\/2025\/12\/KPO_barwy-RP_NextGenerationEU_poziom_zestawienie_podstawowe_-RGB-scaled.jpg","contentUrl":"https:\/\/gastroeventy.pl\/wp-content\/uploads\/2025\/12\/KPO_barwy-RP_NextGenerationEU_poziom_zestawienie_podstawowe_-RGB-scaled.jpg","width":2560,"height":328},{"@type":"WebSite","@id":"https:\/\/gastroeventy.pl\/#website","url":"https:\/\/gastroeventy.pl\/","name":"","description":"","potentialAction":[{"@type":"SearchAction","target":{"@type":"EntryPoint","urlTemplate":"https:\/\/gastroeventy.pl\/?s={search_term_string}"},"query-input":{"@type":"PropertyValueSpecification","valueRequired":true,"valueName":"search_term_string"}}],"inLanguage":"pl-PL"}]}},"_links":{"self":[{"href":"https:\/\/gastroeventy.pl\/index.php?rest_route=\/wp\/v2\/pages\/37","targetHints":{"allow":["GET"]}}],"collection":[{"href":"https:\/\/gastroeventy.pl\/index.php?rest_route=\/wp\/v2\/pages"}],"about":[{"href":"https:\/\/gastroeventy.pl\/index.php?rest_route=\/wp\/v2\/types\/page"}],"author":[{"embeddable":true,"href":"https:\/\/gastroeventy.pl\/index.php?rest_route=\/wp\/v2\/users\/1"}],"replies":[{"embeddable":true,"href":"https:\/\/gastroeventy.pl\/index.php?rest_route=%2Fwp%2Fv2%2Fcomments&post=37"}],"version-history":[{"count":48,"href":"https:\/\/gastroeventy.pl\/index.php?rest_route=\/wp\/v2\/pages\/37\/revisions"}],"predecessor-version":[{"id":222,"href":"https:\/\/gastroeventy.pl\/index.php?rest_route=\/wp\/v2\/pages\/37\/revisions\/222"}],"wp:attachment":[{"href":"https:\/\/gastroeventy.pl\/index.php?rest_route=%2Fwp%2Fv2%2Fmedia&parent=37"}],"curies":[{"name":"wp","href":"https:\/\/api.w.org\/{rel}","templated":true}]}}